{"id":24,"date":"2020-06-02T20:55:04","date_gmt":"2020-06-02T19:55:04","guid":{"rendered":"https:\/\/www.comparados.eu\/?page_id=24"},"modified":"2020-06-02T20:55:04","modified_gmt":"2020-06-02T19:55:04","slug":"mapa-del-sitio-3","status":"publish","type":"page","link":"https:\/\/www.comparados.eu\/es\/mapa-del-sitio-3\/","title":{"rendered":"Mapa del sitio"},"content":{"rendered":"<div class=\"wsp-container\"><h2 class=\"wsp-pages-title\"><span class=\"ez-toc-section\" id=\"Paginas\"><\/span>P\u00e1ginas<span class=\"ez-toc-section-end\"><\/span><\/h2>\n<ul class=\"wsp-pages-list\">\n<li class=\"page_item page-item-1697\"><a href=\"https:\/\/www.comparados.eu\/es\/a-propos\/\">Qui\u00e9nes somos<\/a><\/li>\n<li class=\"page_item page-item-237\"><a href=\"https:\/\/www.comparados.eu\/es\/anunciantes\/\">Anunciantes<\/a><\/li>\n<li class=\"page_item page-item-245\"><a href=\"https:\/\/www.comparados.eu\/es\/contacto-2\/\">P\u00f3ngase en contacto con nosotros<\/a><\/li>\n<li class=\"page_item page-item-458702\"><a href=\"https:\/\/www.comparados.eu\/es\/\">Inicio<\/a><\/li>\n<li class=\"page_item page-item-8\"><a href=\"https:\/\/www.comparados.eu\/es\/informacion-juridica-2\/\">Informaci\u00f3n jur\u00eddica<\/a><\/li>\n<li class=\"page_item page-item-24\"><a href=\"https:\/\/www.comparados.eu\/es\/mapa-del-sitio-3\/\">Mapa del sitio<\/a><\/li>\n<li class=\"page_item page-item-917\"><a href=\"https:\/\/www.comparados.eu\/es\/politica-de-privacidad\/\">Pol\u00edtica de privacidad<\/a><\/li>\n<\/ul>\n<h2 class=\"wsp-posts-title\"><span class=\"ez-toc-section\" id=\"Posts_por_categoria\"><\/span>Posts por categor\u00eda<span class=\"ez-toc-section-end\"><\/span><\/h2>\n<ul class=\"wsp-posts-list\">\n\t<li><strong class=\"wsp-category-title\">Category: <a href=\"https:\/\/www.comparados.eu\/es\/afiliacion\/\">Afiliaci\u00f3n<\/a><\/strong>\n<ul class=\"wsp-posts-list\">\t\t<li class=\"wsp-post\"><a href=\"https:\/\/www.comparados.eu\/es\/1tpe-opinion\/\">1TPE Avis : Prueba completa de la plataforma de afiliaci\u00f3n<\/a><\/li>\n<\/ul><\/li>\n\t<li><strong class=\"wsp-category-title\">Category: <a href=\"https:\/\/www.comparados.eu\/es\/finanzas\/\">Finanzas<\/a><\/strong>\n<ul class=\"wsp-posts-list\">\t\t<li class=\"wsp-post\"><a href=\"https:\/\/www.comparados.eu\/es\/cryptorefills-avis-experience-2026\/\">Cryptorefills avis : Mon exp\u00e9rience honn\u00eate en 2026 et verdict<\/a><\/li>\n\t\t<li class=\"wsp-post\"><a href=\"https:\/\/www.comparados.eu\/es\/consejos-igraal-cashback\/\">Avis iGraal : Test Complet de la Plateforme Cashback<\/a><\/li>\n\t\t<li class=\"wsp-post\"><a href=\"https:\/\/www.comparados.eu\/es\/prueba-avis\/\">Avis Wise : Test Complet du Compte Multi-devises et Transferts<\/a><\/li>\n<\/ul><\/li>\n\t<li><strong class=\"wsp-category-title\">Category: <a href=\"https:\/\/www.comparados.eu\/es\/autonomo\/\">Aut\u00f3nomo<\/a><\/strong>\n<ul class=\"wsp-posts-list\">\t\t<li class=\"wsp-post\"><a href=\"https:\/\/www.comparados.eu\/es\/avis-learnybox-test-lms\/\">An\u00e1lisis de Learnybox: prueba completa de la plataforma LMS francesa<\/a><\/li>\n\t\t<li class=\"wsp-post\"><a href=\"https:\/\/www.comparados.eu\/es\/prueba-comeup\/\">Avis Comeup  : Test Complet Marketplace Freelance<\/a><\/li>\n\t\t<li class=\"wsp-post\"><a href=\"https:\/\/www.comparados.eu\/es\/cursos-en-linea-del-sistema-io\/\">Systeme.io Avis : Test Complet pour Cr\u00e9er et Vendre des Cours en Ligne<\/a><\/li>\n\t\t<li class=\"wsp-post\"><a href=\"https:\/\/www.comparados.eu\/es\/revision-de-la-plataforma-fiverr\/\">Fiverr Avis : Test Complet de la Plateforme de Micro-Services<\/a><\/li>\n\t\t<li class=\"wsp-post\"><a href=\"https:\/\/www.comparados.eu\/es\/envato-opinion-prueba-completa\/\">Envato Avis  : Test Complet Marketplaces &#038; Elements<\/a><\/li>\n<\/ul><\/li>\n\t<li><strong class=\"wsp-category-title\">Category: <a href=\"https:\/\/www.comparados.eu\/es\/internet\/\">Internet<\/a><\/strong>\n<ul class=\"wsp-posts-list\">\t\t<li class=\"wsp-post\"><a href=\"https:\/\/www.comparados.eu\/es\/erreurs-envato-eviter-2026\/\">Erreurs Envato \u00e0 \u00e9viter absolument en 2026 : mon guide ultime<\/a><\/li>\n\t\t<li class=\"wsp-post\"><a href=\"https:\/\/www.comparados.eu\/es\/guide-ultime-system-io-business-en-ligne\/\">System.io : Le Guide Ultime pour Lancer Votre Business en Ligne<\/a><\/li>\n\t\t<li class=\"wsp-post\"><a href=\"https:\/\/www.comparados.eu\/es\/adultfriendfinder-avis-honnete-ce-que-personne-ne-vous-dit\/\">AdultFriendFinder avis honn\u00eate : ce que personne ne vous dit vraiment<\/a><\/li>\n\t\t<li class=\"wsp-post\"><a href=\"https:\/\/www.comparados.eu\/es\/nordvpn-avis-test\/\">NordVPN Avis : Test Complet du VPN S\u00e9curis\u00e9 et Rapide<\/a><\/li>\n<\/ul><\/li>\n\t<li><strong class=\"wsp-category-title\">Category: <a href=\"https:\/\/www.comparados.eu\/es\/inversion\/\">Inversi\u00f3n<\/a><\/strong>\n<ul class=\"wsp-posts-list\">\t\t<li class=\"wsp-post\"><a href=\"https:\/\/www.comparados.eu\/es\/avis-bourse-direct-pea-trading-30-jours\/\">Avis Bourse Direct PEA : mon test apr\u00e8s 30 jours de trading<\/a><\/li>\n\t\t<li class=\"wsp-post\"><a href=\"https:\/\/www.comparados.eu\/es\/comment-utiliser-etoro-investir-trader-2026\/\">Comment utiliser eToro en 2026 : guide pour investir et trader<\/a><\/li>\n\t\t<li class=\"wsp-post\"><a href=\"https:\/\/www.comparados.eu\/es\/cryptorefills-crypto-gastos\/\">Cryptorefills Avis  : Test D\u00e9penser Cryptos Facilement<\/a><\/li>\n\t\t<li class=\"wsp-post\"><a href=\"https:\/\/www.comparados.eu\/es\/binance-2-opinion\/\">Avis Binance  : Test Complet Plateforme Crypto<\/a><\/li>\n\t\t<li class=\"wsp-post\"><a href=\"https:\/\/www.comparados.eu\/es\/veracash-opinion\/\">Veracash Avis  : Test Complet Compte Or &#038; M\u00e9taux Pr\u00e9cieux<\/a><\/li>\n<\/ul><\/li>\n\t<li><strong class=\"wsp-category-title\">Category: <a href=\"https:\/\/www.comparados.eu\/es\/plataforma-de-enlace-en-red\/\">Plataforma Netlinking<\/a><\/strong>\n<ul class=\"wsp-posts-list\">\t\t<li class=\"wsp-post\"><a href=\"https:\/\/www.comparados.eu\/es\/erreurs-linkavista-5-fautes-a-eviter-pour-bien-demarrer-votre-seo\/\">Erreurs Linkavista : 5 fautes \u00e0 \u00e9viter pour bien d\u00e9marrer votre SEO<\/a><\/li>\n\t\t<li class=\"wsp-post\"><a href=\"https:\/\/www.comparados.eu\/es\/avis-linkatomic-test-30-jours-liens-seo\/\">Avis Linkatomic : mon test apr\u00e8s 30 jours pour vos liens SEO<\/a><\/li>\n\t\t<li class=\"wsp-post\"><a href=\"https:\/\/www.comparados.eu\/es\/growwer-outil-promotion-en-ligne-gratuit-entreprise-2026\/\">Growwer, l&rsquo;outil promotion en ligne gratuit pour votre entreprise<\/a><\/li>\n\t\t<li class=\"wsp-post\"><a href=\"https:\/\/www.comparados.eu\/es\/insert-link-fehler-vermeiden\/\">Insert.link Fehler vermeiden: 5 typische SEO-Irrt\u00fcmer (2026)<\/a><\/li>\n\t\t<li class=\"wsp-post\"><a href=\"https:\/\/www.comparados.eu\/es\/linkfinder-guide-ultime-backlinks-pas-chers\/\">Linkfinder : le guide ultime pour des backlinks pas chers<\/a><\/li>\n\t\t<li class=\"wsp-post\"><a href=\"https:\/\/www.comparados.eu\/es\/boosterlink-5-erreurs-a-eviter-referencement-google\/\">Boosterlink : 5 Erreurs SEO \u00e0 \u00c9viter pour un Meilleur R\u00e9f\u00e9rencement Google<\/a><\/li>\n\t\t<li class=\"wsp-post\"><a href=\"https:\/\/www.comparados.eu\/es\/comparatif-lemmilink-plateforme-netlinking-seo-ultime\/\">Comparatif Lemmilink : est-ce la plateforme de netlinking SEO ultime ?<\/a><\/li>\n\t\t<li class=\"wsp-post\"><a href=\"https:\/\/www.comparados.eu\/es\/seopepper-avis-plateforme-netlinking\/\">Revisi\u00f3n de SEOPepper: prueba de la plataforma de Maximilien Labadie<\/a><\/li>\n\t\t<li class=\"wsp-post\"><a href=\"https:\/\/www.comparados.eu\/es\/avos-semjuice-juiceflow\/\">SEMjuice Avis  : Test Complet Plateforme Netlinking Premium<\/a><\/li>\n\t\t<li class=\"wsp-post\"><a href=\"https:\/\/www.comparados.eu\/es\/seedingup-avis-netlinking-europe\/\">Seedingup Avis : Test du Pionnier Europ\u00e9en de la Plateforme Netlinking<\/a><\/li>\n\t\t<li class=\"wsp-post\"><a href=\"https:\/\/www.comparados.eu\/es\/publisuites-tarifas-de-inscripcion\/\">Publisuites Avis  : Test Complet Plateforme Netlinking<\/a><\/li>\n\t\t<li class=\"wsp-post\"><a href=\"https:\/\/www.comparados.eu\/es\/linksgarden-avis\/\">Linksgarden Avis : Test Complet de la Plateforme Netlinking<\/a><\/li>\n\t\t<li class=\"wsp-post\"><a href=\"https:\/\/www.comparados.eu\/es\/linkpublishers-avis-netlinking-international\/\">Linkpublishers Avis : Test de la Plateforme Internationale Netlinking &#038; Guest Posting<\/a><\/li>\n\t\t<li class=\"wsp-post\"><a href=\"https:\/\/www.comparados.eu\/es\/link-finder-avis\/\">Link Finder Avis : Test du Comparateur de Prix Backlinks<\/a><\/li>\n\t\t<li class=\"wsp-post\"><a href=\"https:\/\/www.comparados.eu\/es\/linkavista-avis\/\">Linkavista Avis : Test de la Plateforme Netlinking Fran\u00e7aise<\/a><\/li>\n\t\t<li class=\"wsp-post\"><a href=\"https:\/\/www.comparados.eu\/es\/linkatomic-test-comparatif\/\">Linkatomic Avis : Test &#038; Comparatif de la Plateforme Netlinking<\/a><\/li>\n\t\t<li class=\"wsp-post\"><a href=\"https:\/\/www.comparados.eu\/es\/growwer-avis-plateforme-netlinking-e-reputation\/\">Growwer, opini\u00f3n sobre la plataforma netlinking y e-reputaci\u00f3n<\/a><\/li>\n\t\t<li class=\"wsp-post\"><a href=\"https:\/\/www.comparados.eu\/es\/getlinko-test-avis\/\">Getlinko Avis : Test Complet de la Plateforme Netlinking<\/a><\/li>\n\t\t<li class=\"wsp-post\"><a href=\"https:\/\/www.comparados.eu\/es\/avis-cryptorefills-test\/\">Cryptorefills Avis : Test Complet de la Plateforme de Cartes Cadeaux Crypto<\/a><\/li>\n\t\t<li class=\"wsp-post\"><a href=\"https:\/\/www.comparados.eu\/es\/collaborator-pro-test-comparatif\/\">Collaborator.pro Avis : Test Complet de la Marketplace Netlinking<\/a><\/li>\n\t\t<li class=\"wsp-post\"><a href=\"https:\/\/www.comparados.eu\/es\/bzoomer-meilleure-plateforme-netlinking-international\/\">Bzoomer Avis  : Test Complet Plateforme Netlinking Internationale<\/a><\/li>\n\t\t<li class=\"wsp-post\"><a href=\"https:\/\/www.comparados.eu\/es\/avis-lemmilink\/\">Lemmilink Avis  : Test Complet Plateforme Netlinking Fran\u00e7aise<\/a><\/li>\n\t\t<li class=\"wsp-post\"><a href=\"https:\/\/www.comparados.eu\/es\/insert-link-revolution-du-link-building\/\">Insert.link Avis  : Test de la Plateforme R\u00e9volutionnaire de Link Building<\/a><\/li>\n\t\t<li class=\"wsp-post\"><a href=\"https:\/\/www.comparados.eu\/es\/adsy-marketplace-guest-posting\/\">Adsy Avis : Test Complet de la Marketplace Guest Posting<\/a><\/li>\n\t\t<li class=\"wsp-post\"><a href=\"https:\/\/www.comparados.eu\/es\/getfluence-backlinks\/\">GetFluence Avis  : Test Complet Marketplace Backlinks Premium<\/a><\/li>\n\t\t<li class=\"wsp-post\"><a href=\"https:\/\/www.comparados.eu\/es\/seopepper-avis\/\">SEOPepper Avis : Test Complet de la Plateforme Netlinking Fran\u00e7aise<\/a><\/li>\n\t\t<li class=\"wsp-post\"><a href=\"https:\/\/www.comparados.eu\/es\/avis-seo-jungle-test\/\">SEO Jungle Avis : Test de la Plateforme Netlinking Gamifi\u00e9e<\/a><\/li>\n\t\t<li class=\"wsp-post\"><a href=\"https:\/\/www.comparados.eu\/es\/test-develink-netlinking\/\">Test Develink : Avis sur la Plateforme Netlinking Premium<\/a><\/li>\n\t\t<li class=\"wsp-post\"><a href=\"https:\/\/www.comparados.eu\/es\/mistergoodlink-plateforme-netlinking\/\">MisterGoodLink Avis : Test Complet de la Plateforme Netlinking<\/a><\/li>\n\t\t<li class=\"wsp-post\"><a href=\"https:\/\/www.comparados.eu\/es\/avis-linkuma-plateforme-netlinking\/\">Avis Linkuma : Test de la Plateforme Netlinking Fran\u00e7aise<\/a><\/li>\n\t\t<li class=\"wsp-post\"><a href=\"https:\/\/www.comparados.eu\/es\/wisewand-avis-meilleur-outil-redaction-ia\/\">Wisewand Avis  : Test Meilleur Outil R\u00e9daction IA SEO Fran\u00e7ais<\/a><\/li>\n\t\t<li class=\"wsp-post\"><a href=\"https:\/\/www.comparados.eu\/es\/whitepress-avis-meilleur-plateforme-netlinking-international\/\">WhitePress Avis : Test de la Plateforme Netlinking Internationale<\/a><\/li>\n\t\t<li class=\"wsp-post\"><a href=\"https:\/\/www.comparados.eu\/es\/prueba-de-enlace-de-acceso\/\">AccessLink Avis  : Test Plateforme Netlinking Fran\u00e7aise<\/a><\/li>\n\t\t<li class=\"wsp-post\"><a href=\"https:\/\/www.comparados.eu\/es\/presentar-la-mejor-plataforma-de-netlinking\/\">Soumettre.fr Avis  : Test Plateforme Netlinking Fran\u00e7aise<\/a><\/li>\n<\/ul><\/li>\n\t<li><strong class=\"wsp-category-title\">Category: <a href=\"https:\/\/www.comparados.eu\/es\/seo\/\">SEO<\/a><\/strong>\n<ul class=\"wsp-posts-list\">\t\t<li class=\"wsp-post\"><a href=\"https:\/\/www.comparados.eu\/es\/avis-skoatch-redaction-ia\/\">Avis Skoatch r\u00e9daction IA : Mon test de la plateforme en 2024<\/a><\/li>\n\t\t<li class=\"wsp-post\"><a href=\"https:\/\/www.comparados.eu\/es\/comment-utiliser-serpmantics-seo-guide-optimisation\/\">Serpmantics : Guide d&rsquo;Optimisation SEO pour Doubler Vos Concurrents<\/a><\/li>\n\t\t<li class=\"wsp-post\"><a href=\"https:\/\/www.comparados.eu\/es\/avis-serpmantics-audit-semantique-seo\/\">Serpmantics Avis : Test de l&rsquo;Outil d&rsquo;Audit S\u00e9mantique SEO<\/a><\/li>\n\t\t<li class=\"wsp-post\"><a href=\"https:\/\/www.comparados.eu\/es\/test-logiciel-se-ranking\/\">SE Ranking Avis  : Test Complet Logiciel SEO Tout-en-Un<\/a><\/li>\n\t\t<li class=\"wsp-post\"><a href=\"https:\/\/www.comparados.eu\/es\/skoatch-redaction-contenu\/\">Rese\u00f1as de Skoatch: Probando la herramienta de IA para la redacci\u00f3n de contenidos SEO<\/a><\/li>\n<\/ul><\/li>\n\t<li><strong class=\"wsp-category-title\">Category: <a href=\"https:\/\/www.comparados.eu\/es\/webmasters\/\">Webmasters<\/a><\/strong>\n<ul class=\"wsp-posts-list\">\t\t<li class=\"wsp-post\"><a href=\"https:\/\/www.comparados.eu\/es\/avis-skool-plataforma-de-formacion-en-linea\/\">Skool Avis : Test Complet de la Plateforme de Formation en Ligne et Communaut\u00e9<\/a><\/li>\n\t\t<li class=\"wsp-post\"><a href=\"https:\/\/www.comparados.eu\/es\/outpush-monetisez-votre-blog-avec-les-notifications-push\/\">Outpush Avis  : Test de la Plateforme pour Mon\u00e9tiser son Blog via Push<\/a><\/li>\n\t\t<li class=\"wsp-post\"><a href=\"https:\/\/www.comparados.eu\/es\/avis-otomatic-automatisation-wordpress\/\">Otomatic Avis  : Test Plugin WordPress Automatisation Contenu<\/a><\/li>\n<\/ul><\/li>\n<\/ul>\n<\/div>","protected":false},"excerpt":{"rendered":"","protected":false},"author":1,"featured_media":0,"parent":0,"menu_order":0,"comment_status":"open","ping_status":"closed","template":"","meta":{"_lmt_disableupdate":"","_lmt_disable":"","_kadence_starter_templates_imported_post":false,"_kad_post_transparent":"","_kad_post_title":"","_kad_post_layout":"","_kad_post_sidebar_id":"","_kad_post_content_style":"","_kad_post_vertical_padding":"","_kad_post_feature":"","_kad_post_feature_position":"","_kad_post_header":false,"_kad_post_footer":false,"_kad_post_classname":"","rank_math_title":"Plan du site : explorez toutes les cat\u00e9gories et comparatifs\n\n","rank_math_description":"Acc\u00e9dez facilement \u00e0 toutes les cat\u00e9gories et pages de comparatifs. Explorez nos guides, conseils et astuces pour faire les meilleurs choix dans tous les domaines.\n\n\n\n\n\n","rank_math_focus_keyword":"","rank_math_canonical_url":"","rank_math_robots":null,"footnotes":""},"class_list":["post-24","page","type-page","status-publish","hentry"],"_links":{"self":[{"href":"https:\/\/www.comparados.eu\/es\/wp-json\/wp\/v2\/pages\/24","targetHints":{"allow":["GET"]}}],"collection":[{"href":"https:\/\/www.comparados.eu\/es\/wp-json\/wp\/v2\/pages"}],"about":[{"href":"https:\/\/www.comparados.eu\/es\/wp-json\/wp\/v2\/types\/page"}],"author":[{"embeddable":true,"href":"https:\/\/www.comparados.eu\/es\/wp-json\/wp\/v2\/users\/1"}],"replies":[{"embeddable":true,"href":"https:\/\/www.comparados.eu\/es\/wp-json\/wp\/v2\/comments?post=24"}],"version-history":[{"count":0,"href":"https:\/\/www.comparados.eu\/es\/wp-json\/wp\/v2\/pages\/24\/revisions"}],"wp:attachment":[{"href":"https:\/\/www.comparados.eu\/es\/wp-json\/wp\/v2\/media?parent=24"}],"curies":[{"name":"wp","href":"https:\/\/api.w.org\/{rel}","templated":true}]}}