{"id":24,"date":"2020-06-02T20:55:04","date_gmt":"2020-06-02T19:55:04","guid":{"rendered":"https:\/\/www.comparados.eu\/?page_id=24"},"modified":"2020-06-02T20:55:04","modified_gmt":"2020-06-02T19:55:04","slug":"site-map-3","status":"publish","type":"page","link":"https:\/\/www.comparados.eu\/en\/site-map-3\/","title":{"rendered":"Site map"},"content":{"rendered":"<div class=\"wsp-container\"><h2 class=\"wsp-pages-title\"><span class=\"ez-toc-section\" id=\"Pages\"><\/span>Pages<span class=\"ez-toc-section-end\"><\/span><\/h2>\n<ul class=\"wsp-pages-list\">\n<li class=\"page_item page-item-1697\"><a href=\"https:\/\/www.comparados.eu\/en\/a-propos\/\">About us<\/a><\/li>\n<li class=\"page_item page-item-237\"><a href=\"https:\/\/www.comparados.eu\/en\/advertisers\/\">Advertisers<\/a><\/li>\n<li class=\"page_item page-item-245\"><a href=\"https:\/\/www.comparados.eu\/en\/contact-us-2\/\">Contact us<\/a><\/li>\n<li class=\"page_item page-item-458702\"><a href=\"https:\/\/www.comparados.eu\/en\/\">Home<\/a><\/li>\n<li class=\"page_item page-item-8\"><a href=\"https:\/\/www.comparados.eu\/en\/legal-information-2\/\">Terms of use<\/a><\/li>\n<li class=\"page_item page-item-24\"><a href=\"https:\/\/www.comparados.eu\/en\/site-map-3\/\">Site map<\/a><\/li>\n<li class=\"page_item page-item-917\"><a href=\"https:\/\/www.comparados.eu\/en\/privacy-policy\/\">Privacy policy<\/a><\/li>\n<\/ul>\n<h2 class=\"wsp-posts-title\"><span class=\"ez-toc-section\" id=\"Posts_by_category\"><\/span>Posts by category<span class=\"ez-toc-section-end\"><\/span><\/h2>\n<ul class=\"wsp-posts-list\">\n\t<li><strong class=\"wsp-category-title\">Category: <a href=\"https:\/\/www.comparados.eu\/en\/affiliation\/\">Affiliation<\/a><\/strong>\n<ul class=\"wsp-posts-list\">\t\t<li class=\"wsp-post\"><a href=\"https:\/\/www.comparados.eu\/en\/1tpe-opinion\/\">1TPE Avis: Complete Affiliate Platform Test<\/a><\/li>\n<\/ul><\/li>\n\t<li><strong class=\"wsp-category-title\">Category: <a href=\"https:\/\/www.comparados.eu\/en\/finance\/\">Finance<\/a><\/strong>\n<ul class=\"wsp-posts-list\">\t\t<li class=\"wsp-post\"><a href=\"https:\/\/www.comparados.eu\/en\/cryptorefills-avis-experience-2026\/\">Cryptorefills avis : Mon exp\u00e9rience honn\u00eate en 2026 et verdict<\/a><\/li>\n\t\t<li class=\"wsp-post\"><a href=\"https:\/\/www.comparados.eu\/en\/igraal-cashback-review\/\">Avis iGraal : Test Complet de la Plateforme Cashback<\/a><\/li>\n\t\t<li class=\"wsp-post\"><a href=\"https:\/\/www.comparados.eu\/en\/avis-wise-test\/\">Avis Wise : Test Complet du Compte Multi-devises et Transferts<\/a><\/li>\n<\/ul><\/li>\n\t<li><strong class=\"wsp-category-title\">Category: <a href=\"https:\/\/www.comparados.eu\/en\/freelance\/\">Freelance<\/a><\/strong>\n<ul class=\"wsp-posts-list\">\t\t<li class=\"wsp-post\"><a href=\"https:\/\/www.comparados.eu\/en\/avis-learnybox-test-lms\/\">Learnybox review: Complete test of the French LMS platform<\/a><\/li>\n\t\t<li class=\"wsp-post\"><a href=\"https:\/\/www.comparados.eu\/en\/comeup-test\/\">Avis Comeup  : Test Complet Marketplace Freelance<\/a><\/li>\n\t\t<li class=\"wsp-post\"><a href=\"https:\/\/www.comparados.eu\/en\/system-io-online-courses\/\">Systeme.io Avis : Test Complet pour Cr\u00e9er et Vendre des Cours en Ligne<\/a><\/li>\n\t\t<li class=\"wsp-post\"><a href=\"https:\/\/www.comparados.eu\/en\/fiverr-platform-review\/\">Fiverr Avis : Test Complet de la Plateforme de Micro-Services<\/a><\/li>\n\t\t<li class=\"wsp-post\"><a href=\"https:\/\/www.comparados.eu\/en\/envato-review-full-test\/\">Envato Avis  : Test Complet Marketplaces &#038; Elements<\/a><\/li>\n<\/ul><\/li>\n\t<li><strong class=\"wsp-category-title\">Category: <a href=\"https:\/\/www.comparados.eu\/en\/internet\/\">Internet<\/a><\/strong>\n<ul class=\"wsp-posts-list\">\t\t<li class=\"wsp-post\"><a href=\"https:\/\/www.comparados.eu\/en\/erreurs-envato-eviter-2026\/\">Erreurs Envato \u00e0 \u00e9viter absolument en 2026 : mon guide ultime<\/a><\/li>\n\t\t<li class=\"wsp-post\"><a href=\"https:\/\/www.comparados.eu\/en\/guide-ultime-system-io-business-en-ligne\/\">System.io : Le Guide Ultime pour Lancer Votre Business en Ligne<\/a><\/li>\n\t\t<li class=\"wsp-post\"><a href=\"https:\/\/www.comparados.eu\/en\/adultfriendfinder-avis-honnete-ce-que-personne-ne-vous-dit\/\">AdultFriendFinder avis honn\u00eate : ce que personne ne vous dit vraiment<\/a><\/li>\n\t\t<li class=\"wsp-post\"><a href=\"https:\/\/www.comparados.eu\/en\/nordvpn-avis-test\/\">NordVPN Avis : Test Complet du VPN S\u00e9curis\u00e9 et Rapide<\/a><\/li>\n<\/ul><\/li>\n\t<li><strong class=\"wsp-category-title\">Category: <a href=\"https:\/\/www.comparados.eu\/en\/investment\/\">Investment<\/a><\/strong>\n<ul class=\"wsp-posts-list\">\t\t<li class=\"wsp-post\"><a href=\"https:\/\/www.comparados.eu\/en\/avis-bourse-direct-pea-trading-30-jours\/\">Avis Bourse Direct PEA : mon test apr\u00e8s 30 jours de trading<\/a><\/li>\n\t\t<li class=\"wsp-post\"><a href=\"https:\/\/www.comparados.eu\/en\/comment-utiliser-etoro-investir-trader-2026\/\">Comment utiliser eToro en 2026 : guide pour investir et trader<\/a><\/li>\n\t\t<li class=\"wsp-post\"><a href=\"https:\/\/www.comparados.eu\/en\/cryptorefills-depense-crypto\/\">Cryptorefills Avis  : Test D\u00e9penser Cryptos Facilement<\/a><\/li>\n\t\t<li class=\"wsp-post\"><a href=\"https:\/\/www.comparados.eu\/en\/binance-2-opinion\/\">Avis Binance  : Test Complet Plateforme Crypto<\/a><\/li>\n\t\t<li class=\"wsp-post\"><a href=\"https:\/\/www.comparados.eu\/en\/veracash-avis\/\">Veracash Avis  : Test Complet Compte Or &#038; M\u00e9taux Pr\u00e9cieux<\/a><\/li>\n<\/ul><\/li>\n\t<li><strong class=\"wsp-category-title\">Category: <a href=\"https:\/\/www.comparados.eu\/en\/netlinking-platform\/\">Netlinking platform<\/a><\/strong>\n<ul class=\"wsp-posts-list\">\t\t<li class=\"wsp-post\"><a href=\"https:\/\/www.comparados.eu\/en\/erreurs-linkavista-5-fautes-a-eviter-pour-bien-demarrer-votre-seo\/\">Erreurs Linkavista : 5 fautes \u00e0 \u00e9viter pour bien d\u00e9marrer votre SEO<\/a><\/li>\n\t\t<li class=\"wsp-post\"><a href=\"https:\/\/www.comparados.eu\/en\/avis-linkatomic-test-30-jours-liens-seo\/\">Avis Linkatomic : mon test apr\u00e8s 30 jours pour vos liens SEO<\/a><\/li>\n\t\t<li class=\"wsp-post\"><a href=\"https:\/\/www.comparados.eu\/en\/growwer-outil-promotion-en-ligne-gratuit-entreprise-2026\/\">Growwer, l&rsquo;outil promotion en ligne gratuit pour votre entreprise<\/a><\/li>\n\t\t<li class=\"wsp-post\"><a href=\"https:\/\/www.comparados.eu\/en\/insert-link-fehler-vermeiden\/\">Insert.link Fehler vermeiden: 5 typische SEO-Irrt\u00fcmer (2026)<\/a><\/li>\n\t\t<li class=\"wsp-post\"><a href=\"https:\/\/www.comparados.eu\/en\/linkfinder-guide-ultime-backlinks-pas-chers\/\">Linkfinder : le guide ultime pour des backlinks pas chers<\/a><\/li>\n\t\t<li class=\"wsp-post\"><a href=\"https:\/\/www.comparados.eu\/en\/boosterlink-5-erreurs-a-eviter-referencement-google\/\">Boosterlink : 5 Erreurs SEO \u00e0 \u00c9viter pour un Meilleur R\u00e9f\u00e9rencement Google<\/a><\/li>\n\t\t<li class=\"wsp-post\"><a href=\"https:\/\/www.comparados.eu\/en\/comparatif-lemmilink-plateforme-netlinking-seo-ultime\/\">Comparatif Lemmilink : est-ce la plateforme de netlinking SEO ultime ?<\/a><\/li>\n\t\t<li class=\"wsp-post\"><a href=\"https:\/\/www.comparados.eu\/en\/seopepper-avis-plateforme-netlinking\/\">SEOPepper review: testing Maximilien Labadie's platform<\/a><\/li>\n\t\t<li class=\"wsp-post\"><a href=\"https:\/\/www.comparados.eu\/en\/avos-semjuice-juiceflow\/\">SEMjuice Avis  : Test Complet Plateforme Netlinking Premium<\/a><\/li>\n\t\t<li class=\"wsp-post\"><a href=\"https:\/\/www.comparados.eu\/en\/seedingup-avis-netlinking-europe\/\">Seedingup Avis : Test du Pionnier Europ\u00e9en de la Plateforme Netlinking<\/a><\/li>\n\t\t<li class=\"wsp-post\"><a href=\"https:\/\/www.comparados.eu\/en\/publisuites-registration-rates\/\">Publisuites Avis  : Test Complet Plateforme Netlinking<\/a><\/li>\n\t\t<li class=\"wsp-post\"><a href=\"https:\/\/www.comparados.eu\/en\/linksgarden-avis\/\">Linksgarden Avis : Test Complet de la Plateforme Netlinking<\/a><\/li>\n\t\t<li class=\"wsp-post\"><a href=\"https:\/\/www.comparados.eu\/en\/linkpublishers-avis-netlinking-international\/\">Linkpublishers Avis : Test de la Plateforme Internationale Netlinking &#038; Guest Posting<\/a><\/li>\n\t\t<li class=\"wsp-post\"><a href=\"https:\/\/www.comparados.eu\/en\/link-finder-avis\/\">Link Finder Avis : Test du Comparateur de Prix Backlinks<\/a><\/li>\n\t\t<li class=\"wsp-post\"><a href=\"https:\/\/www.comparados.eu\/en\/linkavista-avis\/\">Linkavista Avis : Test de la Plateforme Netlinking Fran\u00e7aise<\/a><\/li>\n\t\t<li class=\"wsp-post\"><a href=\"https:\/\/www.comparados.eu\/en\/linkatomic-test-comparatif\/\">Linkatomic Avis : Test &#038; Comparatif de la Plateforme Netlinking<\/a><\/li>\n\t\t<li class=\"wsp-post\"><a href=\"https:\/\/www.comparados.eu\/en\/growwer-avis-plateforme-netlinking-e-reputation\/\">Growwer, opinion on the netlinking and e-reputation platform<\/a><\/li>\n\t\t<li class=\"wsp-post\"><a href=\"https:\/\/www.comparados.eu\/en\/getlinko-test-avis\/\">Getlinko Avis : Test Complet de la Plateforme Netlinking<\/a><\/li>\n\t\t<li class=\"wsp-post\"><a href=\"https:\/\/www.comparados.eu\/en\/avis-cryptorefills-test\/\">Cryptorefills Avis : Test Complet de la Plateforme de Cartes Cadeaux Crypto<\/a><\/li>\n\t\t<li class=\"wsp-post\"><a href=\"https:\/\/www.comparados.eu\/en\/collaborator-pro-test-comparatif\/\">Collaborator.pro Avis : Test Complet de la Marketplace Netlinking<\/a><\/li>\n\t\t<li class=\"wsp-post\"><a href=\"https:\/\/www.comparados.eu\/en\/bzoomer-meilleure-plateforme-netlinking-international\/\">Bzoomer Avis  : Test Complet Plateforme Netlinking Internationale<\/a><\/li>\n\t\t<li class=\"wsp-post\"><a href=\"https:\/\/www.comparados.eu\/en\/avis-lemmilink\/\">Lemmilink Avis  : Test Complet Plateforme Netlinking Fran\u00e7aise<\/a><\/li>\n\t\t<li class=\"wsp-post\"><a href=\"https:\/\/www.comparados.eu\/en\/insert-link-revolution-du-link-building\/\">Insert.link Avis  : Test de la Plateforme R\u00e9volutionnaire de Link Building<\/a><\/li>\n\t\t<li class=\"wsp-post\"><a href=\"https:\/\/www.comparados.eu\/en\/adsy-marketplace-guest-posting\/\">Adsy Avis : Test Complet de la Marketplace Guest Posting<\/a><\/li>\n\t\t<li class=\"wsp-post\"><a href=\"https:\/\/www.comparados.eu\/en\/getfluence-backlinks\/\">GetFluence Avis  : Test Complet Marketplace Backlinks Premium<\/a><\/li>\n\t\t<li class=\"wsp-post\"><a href=\"https:\/\/www.comparados.eu\/en\/seopepper-avis\/\">SEOPepper Avis : Test Complet de la Plateforme Netlinking Fran\u00e7aise<\/a><\/li>\n\t\t<li class=\"wsp-post\"><a href=\"https:\/\/www.comparados.eu\/en\/avis-seo-jungle-test\/\">SEO Jungle Avis : Test de la Plateforme Netlinking Gamifi\u00e9e<\/a><\/li>\n\t\t<li class=\"wsp-post\"><a href=\"https:\/\/www.comparados.eu\/en\/test-develink-netlinking\/\">Test Develink : Avis sur la Plateforme Netlinking Premium<\/a><\/li>\n\t\t<li class=\"wsp-post\"><a href=\"https:\/\/www.comparados.eu\/en\/mistergoodlink-plateforme-netlinking\/\">MisterGoodLink Avis : Test Complet de la Plateforme Netlinking<\/a><\/li>\n\t\t<li class=\"wsp-post\"><a href=\"https:\/\/www.comparados.eu\/en\/avis-linkuma-plateforme-netlinking\/\">Avis Linkuma : Test de la Plateforme Netlinking Fran\u00e7aise<\/a><\/li>\n\t\t<li class=\"wsp-post\"><a href=\"https:\/\/www.comparados.eu\/en\/wisewand-avis-meilleur-outil-redaction-ia\/\">Wisewand Avis  : Test Meilleur Outil R\u00e9daction IA SEO Fran\u00e7ais<\/a><\/li>\n\t\t<li class=\"wsp-post\"><a href=\"https:\/\/www.comparados.eu\/en\/whitepress-avis-meilleur-plateforme-netlinking-international\/\">WhitePress Avis : Test de la Plateforme Netlinking Internationale<\/a><\/li>\n\t\t<li class=\"wsp-post\"><a href=\"https:\/\/www.comparados.eu\/en\/accesslink-test\/\">AccessLink Avis  : Test Plateforme Netlinking Fran\u00e7aise<\/a><\/li>\n\t\t<li class=\"wsp-post\"><a href=\"https:\/\/www.comparados.eu\/en\/submit-best-netlinking-platform\/\">Soumettre.fr Avis  : Test Plateforme Netlinking Fran\u00e7aise<\/a><\/li>\n<\/ul><\/li>\n\t<li><strong class=\"wsp-category-title\">Category: <a href=\"https:\/\/www.comparados.eu\/en\/seo\/\">SEO<\/a><\/strong>\n<ul class=\"wsp-posts-list\">\t\t<li class=\"wsp-post\"><a href=\"https:\/\/www.comparados.eu\/en\/avis-skoatch-redaction-ia\/\">Avis Skoatch r\u00e9daction IA : Mon test de la plateforme en 2024<\/a><\/li>\n\t\t<li class=\"wsp-post\"><a href=\"https:\/\/www.comparados.eu\/en\/comment-utiliser-serpmantics-seo-guide-optimisation\/\">Serpmantics : Guide d&rsquo;Optimisation SEO pour Doubler Vos Concurrents<\/a><\/li>\n\t\t<li class=\"wsp-post\"><a href=\"https:\/\/www.comparados.eu\/en\/avis-serpmantics-audit-semantique-seo\/\">Serpmantics Avis : Test de l&rsquo;Outil d&rsquo;Audit S\u00e9mantique SEO<\/a><\/li>\n\t\t<li class=\"wsp-post\"><a href=\"https:\/\/www.comparados.eu\/en\/test-logiciel-se-ranking\/\">SE Ranking Avis  : Test Complet Logiciel SEO Tout-en-Un<\/a><\/li>\n\t\t<li class=\"wsp-post\"><a href=\"https:\/\/www.comparados.eu\/en\/skoatch-redaction-contenu\/\">Skoatch Avis : Testing the AI Tool for SEO Content Writing<\/a><\/li>\n<\/ul><\/li>\n\t<li><strong class=\"wsp-category-title\">Category: <a href=\"https:\/\/www.comparados.eu\/en\/webmasters\/\">Webmasters<\/a><\/strong>\n<ul class=\"wsp-posts-list\">\t\t<li class=\"wsp-post\"><a href=\"https:\/\/www.comparados.eu\/en\/avis-skool-online-training-platform\/\">Skool Avis : Test Complet de la Plateforme de Formation en Ligne et Communaut\u00e9<\/a><\/li>\n\t\t<li class=\"wsp-post\"><a href=\"https:\/\/www.comparados.eu\/en\/outpush-monetisez-votre-blog-avec-les-notifications-push\/\">Outpush Avis  : Test de la Plateforme pour Mon\u00e9tiser son Blog via Push<\/a><\/li>\n\t\t<li class=\"wsp-post\"><a href=\"https:\/\/www.comparados.eu\/en\/avis-otomatic-automatisation-wordpress\/\">Otomatic Avis  : Test Plugin WordPress Automatisation Contenu<\/a><\/li>\n<\/ul><\/li>\n<\/ul>\n<\/div>","protected":false},"excerpt":{"rendered":"","protected":false},"author":1,"featured_media":0,"parent":0,"menu_order":0,"comment_status":"open","ping_status":"closed","template":"","meta":{"_lmt_disableupdate":"","_lmt_disable":"","_kadence_starter_templates_imported_post":false,"_kad_post_transparent":"","_kad_post_title":"","_kad_post_layout":"","_kad_post_sidebar_id":"","_kad_post_content_style":"","_kad_post_vertical_padding":"","_kad_post_feature":"","_kad_post_feature_position":"","_kad_post_header":false,"_kad_post_footer":false,"_kad_post_classname":"","rank_math_title":"Plan du site : explorez toutes les cat\u00e9gories et comparatifs\n\n","rank_math_description":"Acc\u00e9dez facilement \u00e0 toutes les cat\u00e9gories et pages de comparatifs. Explorez nos guides, conseils et astuces pour faire les meilleurs choix dans tous les domaines.\n\n\n\n\n\n","rank_math_focus_keyword":"","rank_math_canonical_url":"","rank_math_robots":null,"footnotes":""},"class_list":["post-24","page","type-page","status-publish","hentry"],"_links":{"self":[{"href":"https:\/\/www.comparados.eu\/en\/wp-json\/wp\/v2\/pages\/24","targetHints":{"allow":["GET"]}}],"collection":[{"href":"https:\/\/www.comparados.eu\/en\/wp-json\/wp\/v2\/pages"}],"about":[{"href":"https:\/\/www.comparados.eu\/en\/wp-json\/wp\/v2\/types\/page"}],"author":[{"embeddable":true,"href":"https:\/\/www.comparados.eu\/en\/wp-json\/wp\/v2\/users\/1"}],"replies":[{"embeddable":true,"href":"https:\/\/www.comparados.eu\/en\/wp-json\/wp\/v2\/comments?post=24"}],"version-history":[{"count":0,"href":"https:\/\/www.comparados.eu\/en\/wp-json\/wp\/v2\/pages\/24\/revisions"}],"wp:attachment":[{"href":"https:\/\/www.comparados.eu\/en\/wp-json\/wp\/v2\/media?parent=24"}],"curies":[{"name":"wp","href":"https:\/\/api.w.org\/{rel}","templated":true}]}}